{"id":24,"date":"2025-01-29T15:17:44","date_gmt":"2025-01-29T15:17:44","guid":{"rendered":"https:\/\/crmautomat.com\/wp\/services\/"},"modified":"2026-05-03T19:45:05","modified_gmt":"2026-05-03T19:45:05","slug":"services","status":"publish","type":"page","link":"https:\/\/crmautomat.com\/wp\/services\/","title":{"rendered":"Servicios"},"content":{"rendered":"\n\n\nservicios\n\n\n\n\n<h3 style=\"text-align: center;\"><font color=\"#5d5d5d\" face=\"Roboto\"><span style=\"font-size: 15px;\"><strong>PROVEEMOS LAS MEJORES soluciones de CRM para tu negocio.<\/strong><\/span><\/font><\/h3><p style=\"text-align: justify;\"><font color=\"#5d5d5d\" face=\"Roboto\"><span style=\"font-size: 15px;\">No solo implementamos herramientas, dise\u00f1amos estrategias integrales que transforman negocios y generan relaciones duraderas. Si buscas ir m\u00e1s all\u00e1 de lo convencional y garantizar un verdadero impacto en el \u00e9xito de tus clientes, \u00a1somos tu mejor aliado! Desde peque\u00f1as empresas hasta corporaciones internacionales. Ofrecemos una combinaci\u00f3n \u00fanica de experiencia pr\u00e1ctica y resultados comprobados.<\/span><\/font><\/p>\n<p style=\"text-align: justify;\"><font color=\"#5d5d5d\" face=\"Roboto\"><span style=\"font-size: 15px;\">Antes de implementar un CRM, necesitas una base s\u00f3lida. Trabajamos sobre los principios clave que garantizan que la herramienta no solo funcione, sino que transforme la forma en que lideras, vendes y conectas con tus clientes.&nbsp;<\/span><\/font><\/p>\n<p style=\"text-align: justify;\"><font color=\"#5d5d5d\" face=\"Roboto\"><span style=\"font-size: 15px;\">Aplicamos nuestra experiencia para dise\u00f1ar soluciones personalizadas, aprovechando las mejores pr\u00e1cticas de CRM y adapt\u00e1ndolas al contexto espec\u00edfico de tu organizaci\u00f3n.<\/span><\/font><\/p>\n<font color=\"#000000\" style=\"color: rgb(255, 255, 255);\">Metodolog\u00eda Basada en Resultados<\/font>\n<p style=\"text-align: center;\"><font color=\"#5d5d5d\" face=\"Roboto\"><span style=\"font-size: 15px;\">Probada en m\u00e1s de 120 implementaciones.&nbsp;CRMautomat es un servicio dise\u00f1ado para transformar la gesti\u00f3n comercial de tu negocio. Estamos orientados a potenciar la productividad, optimizar procesos y asegurar la adopci\u00f3n efectiva de tecnolog\u00edas CRM. Descubre c\u00f3mo podemos ayudarte a alcanzar tus objetivos.<\/span><\/font><\/p>\n\n\n<p style=\"font-family:Roboto;font-weight:400;font-size:14px;color:#5d5d5d;line-height:2;text-align:center;\"><span style=\"color: rgb(97, 97, 97); font-family: Poppins; font-size: 14px; font-style: normal; font-variant-ligatures: normal; font-variant-caps: normal; font-weight: 400; background-color: rgb(237, 237, 238);\">Guiamos el proceso, desde la configuraci\u00f3n inicial hasta la integraci\u00f3n de datos y flujos de trabajo, asegurando una transici\u00f3n sin complicaciones. Personalizamos la plataforma seg\u00fan las necesidades espec\u00edficas de tu negocio. Con nuestro enfoque integral, no solo implementamos tecnolog\u00eda, tambi\u00e9n a transformar tus procesos de negocio.<\/span><\/p>\n\n\n<p style=\"font-family:Roboto;font-weight:400;font-size:14px;color:#5d5d5d;line-height:2;text-align:center;\">Entrenamiento personalizado y asesoramiento estrat\u00e9gico para que saques el m\u00e1ximo provecho del CRM. Identificamos necesidades espec\u00edficas, dise\u00f1amos las soluciones y capacitamos para una adopci\u00f3n eficiente. Te asistimos en las estrategias que ayudan a optimizar los procesos comerciales y a mejorar la gesti\u00f3n de relaciones con tus clientes.<\/p>\n\n\n\n\n<p style=\"font-family:Roboto;font-weight:400;font-size:14px;color:#5d5d5d;line-height:2;text-align:center;\">Realizamos un an\u00e1lisis exhaustivo para determinar el nivel actual de adopci\u00f3n y uso de tu CRM, identificando fortalezas y \u00e1reas de mejora, con metodolog\u00edas internacionales reconocidas, garantizando un diagn\u00f3stico preciso y alineado con las mejores pr\u00e1cticas globales. Dise\u00f1amos un plan de acci\u00f3n para incrementar el nivel de madurez CRM.<\/p>\n\n\n<p style=\"font-family:Roboto;font-weight:400;font-size:14px;color:#5d5d5d;line-height:2;text-align:center;\">Mediante pruebas rigurosas y personalizadas, verificamos la configuraci\u00f3n, integraciones y flujos de trabajo para asegurar que todo opere de manera \u00f3ptima. Nuestro proceso de QA Testing est\u00e1 dise\u00f1ado para detectar y corregir posibles fallos antes del lanzamiento, brind\u00e1ndote la confianza de que tu sistema CRM estar\u00e1 listo para potenciar la productividad de tu equipo desde el primer d\u00eda.<\/p>\n\n\n\n<p style=\"font-family:Roboto;font-weight:400;font-size:14px;color:#5d5d5d;line-height:2;text-align:center;\">Te ayudamos a descubrir las capacidades ocultas de tu CRM para simplificar procesos y mejorar resultados. Implementamos herramientas de automatizaci\u00f3n que no solo ahorran tiempo, sino que tambi\u00e9n optimizan flujos de trabajo, reducen errores manuales y maximizan la eficiencia operativa. Desde la gesti\u00f3n de clientes hasta la asignaci\u00f3n de tareas, nuestras soluciones de automatizaci\u00f3n permiten que tu equipo se enfoque en lo que realmente importa: generar valor y alcanzar objetivos<\/p>\n\n\n\n\n\u00bfNecesitas apoyo estrat\u00e9gico para tu CRM?\n<p>Aqu\u00ed empieza el cambio.<\/p>\n\n\n\n\n\n\n\n\n\n\n\n\n\n\n\n\nLAS MEJORES PLATAFORMAS PARA LA GESTI\u00d3N 360 DE TUS CLIENT\n\n\n\n\n\n\n<p><span style=\"color:#000000;\">Make.com conecta tus apps favoritas, tus bases de datos y automatiza procesos sin escribir c\u00f3digo.&nbsp;<br><br>Crea flujos visuales inteligentes con IA, optimiza tiempo y elimina tareas repetitivas. Ideal para empresas que buscan escalar con eficiencia y control total.<\/span><\/p><p><span style=\"color:#000000;\"><br><\/span><\/p>\n\n\n\n\n","protected":false},"excerpt":{"rendered":"","protected":false},"author":1,"featured_media":0,"parent":0,"menu_order":0,"comment_status":"closed","ping_status":"closed","template":"","meta":{"pagelayer_contact_templates":[],"_pagelayer_content":"","footnotes":""},"class_list":["post-24","page","type-page","status-publish","hentry"],"_links":{"self":[{"href":"https:\/\/crmautomat.com\/wp\/wp-json\/wp\/v2\/pages\/24","targetHints":{"allow":["GET"]}}],"collection":[{"href":"https:\/\/crmautomat.com\/wp\/wp-json\/wp\/v2\/pages"}],"about":[{"href":"https:\/\/crmautomat.com\/wp\/wp-json\/wp\/v2\/types\/page"}],"author":[{"embeddable":true,"href":"https:\/\/crmautomat.com\/wp\/wp-json\/wp\/v2\/users\/1"}],"replies":[{"embeddable":true,"href":"https:\/\/crmautomat.com\/wp\/wp-json\/wp\/v2\/comments?post=24"}],"version-history":[{"count":26,"href":"https:\/\/crmautomat.com\/wp\/wp-json\/wp\/v2\/pages\/24\/revisions"}],"predecessor-version":[{"id":905,"href":"https:\/\/crmautomat.com\/wp\/wp-json\/wp\/v2\/pages\/24\/revisions\/905"}],"wp:attachment":[{"href":"https:\/\/crmautomat.com\/wp\/wp-json\/wp\/v2\/media?parent=24"}],"curies":[{"name":"wp","href":"https:\/\/api.w.org\/{rel}","templated":true}]}}